{"id":1892,"date":"2024-08-29T05:36:39","date_gmt":"2024-08-29T05:36:39","guid":{"rendered":"https:\/\/uslab.fr\/?page_id=1892"},"modified":"2025-01-26T11:33:20","modified_gmt":"2025-01-26T11:33:20","slug":"blog","status":"publish","type":"page","link":"https:\/\/uslab.fr\/?page_id=1892","title":{"rendered":"Blog"},"content":{"rendered":"\t\t<div data-elementor-type=\"wp-page\" data-elementor-id=\"1892\" class=\"elementor elementor-1892\" data-elementor-post-type=\"page\">\n\t\t\t\t<div class=\"elementor-element elementor-element-2d7ae65 e-flex e-con-boxed e-con e-parent\" data-id=\"2d7ae65\" data-element_type=\"container\">\n\t\t\t\t\t<div class=\"e-con-inner\">\n\t\t<div class=\"elementor-element elementor-element-1fb2823 e-con-full e-flex e-con e-child\" data-id=\"1fb2823\" data-element_type=\"container\">\n\t\t\t\t<div class=\"elementor-element elementor-element-a679476 elementor-widget elementor-widget-heading\" data-id=\"a679476\" data-element_type=\"widget\" data-widget_type=\"heading.default\">\n\t\t\t\t<div class=\"elementor-widget-container\">\n\t\t\t\t\t<h2 class=\"elementor-heading-title elementor-size-default\"><a href=\"https:\/\/uslab.fr\/?p=1\">Utiliser des Lessives de Qualit\u00e9 pour votre Plomberie<\/a><\/h2>\t\t\t\t<\/div>\n\t\t\t\t<\/div>\n\t\t\t\t<\/div>\n\t\t<div class=\"elementor-element elementor-element-0991e8d e-con-full e-flex e-con e-child\" data-id=\"0991e8d\" data-element_type=\"container\">\n\t\t\t\t<div class=\"elementor-element elementor-element-724a369 elementor-widget elementor-widget-heading\" data-id=\"724a369\" data-element_type=\"widget\" data-widget_type=\"heading.default\">\n\t\t\t\t<div class=\"elementor-widget-container\">\n\t\t\t\t\t<h2 class=\"elementor-heading-title elementor-size-default\"><a href=\"https:\/\/uslab.fr\/?p=1929\"> Les Lessives Bio et les V\u00eatements \u00c9thiques<\/a><\/h2>\t\t\t\t<\/div>\n\t\t\t\t<\/div>\n\t\t\t\t<\/div>\n\t\t<div class=\"elementor-element elementor-element-b033171 e-con-full e-flex e-con e-child\" data-id=\"b033171\" data-element_type=\"container\">\n\t\t\t\t<div class=\"elementor-element elementor-element-f4e0722 elementor-widget elementor-widget-heading\" data-id=\"f4e0722\" data-element_type=\"widget\" data-widget_type=\"heading.default\">\n\t\t\t\t<div class=\"elementor-widget-container\">\n\t\t\t\t\t<h2 class=\"elementor-heading-title elementor-size-default\"><a href=\"https:\/\/uslab.fr\/?p=2034\">Formation en Nettoyage des Locaux et Pressing<\/a><\/h2>\t\t\t\t<\/div>\n\t\t\t\t<\/div>\n\t\t\t\t<\/div>\n\t\t<div class=\"elementor-element elementor-element-b0a797c e-con-full e-flex e-con e-child\" data-id=\"b0a797c\" data-element_type=\"container\">\n\t\t\t\t<\/div>\n\t\t\t\t\t<\/div>\n\t\t\t\t<\/div>\n\t\t\t\t<\/div>\n\t\t","protected":false},"excerpt":{"rendered":"<p>Utiliser des Lessives de Qualit\u00e9 pour votre Plomberie Les Lessives Bio et les V\u00eatements \u00c9thiques Formation en Nettoyage des Locaux et Pressing<\/p>\n","protected":false},"author":1,"featured_media":0,"parent":0,"menu_order":0,"comment_status":"closed","ping_status":"closed","template":"","meta":{"footnotes":""},"class_list":["post-1892","page","type-page","status-publish","hentry"],"yoast_head":"<!-- This site is optimized with the Yoast SEO plugin v25.8 - https:\/\/yoast.com\/wordpress\/plugins\/seo\/ -->\n<title>Blog - US LAB<\/title>\n<meta name=\"robots\" content=\"index, follow, max-snippet:-1, max-image-preview:large, max-video-preview:-1\" \/>\n<link rel=\"canonical\" href=\"https:\/\/uslab.fr\/?page_id=1892\" \/>\n<meta property=\"og:locale\" content=\"fr_FR\" \/>\n<meta property=\"og:type\" content=\"article\" \/>\n<meta property=\"og:title\" content=\"Blog - US LAB\" \/>\n<meta property=\"og:description\" content=\"Utiliser des Lessives de Qualit\u00e9 pour votre Plomberie Les Lessives Bio et les V\u00eatements \u00c9thiques Formation en Nettoyage des Locaux et Pressing\" \/>\n<meta property=\"og:url\" content=\"https:\/\/uslab.fr\/?page_id=1892\" \/>\n<meta property=\"og:site_name\" content=\"US LAB\" \/>\n<meta property=\"article:modified_time\" content=\"2025-01-26T11:33:20+00:00\" \/>\n<meta name=\"twitter:card\" content=\"summary_large_image\" \/>\n<meta name=\"twitter:label1\" content=\"Dur\u00e9e de lecture estim\u00e9e\" \/>\n\t<meta name=\"twitter:data1\" content=\"1 minute\" \/>\n<script type=\"application\/ld+json\" class=\"yoast-schema-graph\">{\"@context\":\"https:\/\/schema.org\",\"@graph\":[{\"@type\":\"WebPage\",\"@id\":\"https:\/\/uslab.fr\/?page_id=1892\",\"url\":\"https:\/\/uslab.fr\/?page_id=1892\",\"name\":\"Blog - US LAB\",\"isPartOf\":{\"@id\":\"https:\/\/uslab.fr\/#website\"},\"datePublished\":\"2024-08-29T05:36:39+00:00\",\"dateModified\":\"2025-01-26T11:33:20+00:00\",\"breadcrumb\":{\"@id\":\"https:\/\/uslab.fr\/?page_id=1892#breadcrumb\"},\"inLanguage\":\"fr-FR\",\"potentialAction\":[{\"@type\":\"ReadAction\",\"target\":[\"https:\/\/uslab.fr\/?page_id=1892\"]}]},{\"@type\":\"BreadcrumbList\",\"@id\":\"https:\/\/uslab.fr\/?page_id=1892#breadcrumb\",\"itemListElement\":[{\"@type\":\"ListItem\",\"position\":1,\"name\":\"Accueil\",\"item\":\"https:\/\/uslab.fr\/\"},{\"@type\":\"ListItem\",\"position\":2,\"name\":\"Blog\"}]},{\"@type\":\"WebSite\",\"@id\":\"https:\/\/uslab.fr\/#website\",\"url\":\"https:\/\/uslab.fr\/\",\"name\":\"US LAB\",\"description\":\"D\u00e9tachants &amp; lessives\",\"publisher\":{\"@id\":\"https:\/\/uslab.fr\/#organization\"},\"potentialAction\":[{\"@type\":\"SearchAction\",\"target\":{\"@type\":\"EntryPoint\",\"urlTemplate\":\"https:\/\/uslab.fr\/?s={search_term_string}\"},\"query-input\":{\"@type\":\"PropertyValueSpecification\",\"valueRequired\":true,\"valueName\":\"search_term_string\"}}],\"inLanguage\":\"fr-FR\"},{\"@type\":\"Organization\",\"@id\":\"https:\/\/uslab.fr\/#organization\",\"name\":\"US LAB\",\"url\":\"https:\/\/uslab.fr\/\",\"logo\":{\"@type\":\"ImageObject\",\"inLanguage\":\"fr-FR\",\"@id\":\"https:\/\/uslab.fr\/#\/schema\/logo\/image\/\",\"url\":\"https:\/\/uslab.fr\/wp-content\/uploads\/2023\/10\/cropped-logoline-1-400-400x77-1-1.png\",\"contentUrl\":\"https:\/\/uslab.fr\/wp-content\/uploads\/2023\/10\/cropped-logoline-1-400-400x77-1-1.png\",\"width\":400,\"height\":77,\"caption\":\"US LAB\"},\"image\":{\"@id\":\"https:\/\/uslab.fr\/#\/schema\/logo\/image\/\"}}]}<\/script>\n<!-- \/ Yoast SEO plugin. -->","yoast_head_json":{"title":"Blog - US LAB","robots":{"index":"index","follow":"follow","max-snippet":"max-snippet:-1","max-image-preview":"max-image-preview:large","max-video-preview":"max-video-preview:-1"},"canonical":"https:\/\/uslab.fr\/?page_id=1892","og_locale":"fr_FR","og_type":"article","og_title":"Blog - US LAB","og_description":"Utiliser des Lessives de Qualit\u00e9 pour votre Plomberie Les Lessives Bio et les V\u00eatements \u00c9thiques Formation en Nettoyage des Locaux et Pressing","og_url":"https:\/\/uslab.fr\/?page_id=1892","og_site_name":"US LAB","article_modified_time":"2025-01-26T11:33:20+00:00","twitter_card":"summary_large_image","twitter_misc":{"Dur\u00e9e de lecture estim\u00e9e":"1 minute"},"schema":{"@context":"https:\/\/schema.org","@graph":[{"@type":"WebPage","@id":"https:\/\/uslab.fr\/?page_id=1892","url":"https:\/\/uslab.fr\/?page_id=1892","name":"Blog - US LAB","isPartOf":{"@id":"https:\/\/uslab.fr\/#website"},"datePublished":"2024-08-29T05:36:39+00:00","dateModified":"2025-01-26T11:33:20+00:00","breadcrumb":{"@id":"https:\/\/uslab.fr\/?page_id=1892#breadcrumb"},"inLanguage":"fr-FR","potentialAction":[{"@type":"ReadAction","target":["https:\/\/uslab.fr\/?page_id=1892"]}]},{"@type":"BreadcrumbList","@id":"https:\/\/uslab.fr\/?page_id=1892#breadcrumb","itemListElement":[{"@type":"ListItem","position":1,"name":"Accueil","item":"https:\/\/uslab.fr\/"},{"@type":"ListItem","position":2,"name":"Blog"}]},{"@type":"WebSite","@id":"https:\/\/uslab.fr\/#website","url":"https:\/\/uslab.fr\/","name":"US LAB","description":"D\u00e9tachants &amp; lessives","publisher":{"@id":"https:\/\/uslab.fr\/#organization"},"potentialAction":[{"@type":"SearchAction","target":{"@type":"EntryPoint","urlTemplate":"https:\/\/uslab.fr\/?s={search_term_string}"},"query-input":{"@type":"PropertyValueSpecification","valueRequired":true,"valueName":"search_term_string"}}],"inLanguage":"fr-FR"},{"@type":"Organization","@id":"https:\/\/uslab.fr\/#organization","name":"US LAB","url":"https:\/\/uslab.fr\/","logo":{"@type":"ImageObject","inLanguage":"fr-FR","@id":"https:\/\/uslab.fr\/#\/schema\/logo\/image\/","url":"https:\/\/uslab.fr\/wp-content\/uploads\/2023\/10\/cropped-logoline-1-400-400x77-1-1.png","contentUrl":"https:\/\/uslab.fr\/wp-content\/uploads\/2023\/10\/cropped-logoline-1-400-400x77-1-1.png","width":400,"height":77,"caption":"US LAB"},"image":{"@id":"https:\/\/uslab.fr\/#\/schema\/logo\/image\/"}}]}},"_links":{"self":[{"href":"https:\/\/uslab.fr\/index.php?rest_route=\/wp\/v2\/pages\/1892","targetHints":{"allow":["GET"]}}],"collection":[{"href":"https:\/\/uslab.fr\/index.php?rest_route=\/wp\/v2\/pages"}],"about":[{"href":"https:\/\/uslab.fr\/index.php?rest_route=\/wp\/v2\/types\/page"}],"author":[{"embeddable":true,"href":"https:\/\/uslab.fr\/index.php?rest_route=\/wp\/v2\/users\/1"}],"replies":[{"embeddable":true,"href":"https:\/\/uslab.fr\/index.php?rest_route=%2Fwp%2Fv2%2Fcomments&post=1892"}],"version-history":[{"count":17,"href":"https:\/\/uslab.fr\/index.php?rest_route=\/wp\/v2\/pages\/1892\/revisions"}],"predecessor-version":[{"id":2038,"href":"https:\/\/uslab.fr\/index.php?rest_route=\/wp\/v2\/pages\/1892\/revisions\/2038"}],"wp:attachment":[{"href":"https:\/\/uslab.fr\/index.php?rest_route=%2Fwp%2Fv2%2Fmedia&parent=1892"}],"curies":[{"name":"wp","href":"https:\/\/api.w.org\/{rel}","templated":true}]}}